{"id":14236,"date":"2023-05-03T19:31:26","date_gmt":"2023-05-03T19:31:26","guid":{"rendered":"https:\/\/dassobamboo.eu\/ecologie\/"},"modified":"2023-06-07T13:47:52","modified_gmt":"2023-06-07T13:47:52","slug":"ecologie","status":"publish","type":"page","link":"https:\/\/dassobamboo.eu\/fr\/ecologie\/","title":{"rendered":"Ecologie"},"content":{"rendered":"\t\t<div data-elementor-type=\"wp-page\" data-elementor-id=\"14236\" class=\"elementor elementor-14236 elementor-10683\">\n\t\t\t\t\t\t\t\t\t<section class=\"elementor-section elementor-top-section elementor-element elementor-element-1a3810f2 elementor-hidden-mobile elementor-section-boxed elementor-section-height-default elementor-section-height-default qodef-elementor-content-no\" data-id=\"1a3810f2\" data-element_type=\"section\">\n\t\t\t\t\t\t<div class=\"elementor-container elementor-column-gap-default\">\n\t\t\t\t\t<div class=\"elementor-column elementor-col-20 elementor-top-column elementor-element elementor-element-4d3aee98\" data-id=\"4d3aee98\" data-element_type=\"column\">\n\t\t\t<div class=\"elementor-widget-wrap elementor-element-populated\">\n\t\t\t\t\t\t\t\t<div class=\"elementor-element elementor-element-1b3dfa4b elementor-widget elementor-widget-qi_addons_for_elementor_info_button\" data-id=\"1b3dfa4b\" data-element_type=\"widget\" data-widget_type=\"qi_addons_for_elementor_info_button.default\">\n\t\t\t\t<div class=\"elementor-widget-container\">\n\t\t\t<a class=\"qodef-shortcode qodef-m  qodef-qi-info-button qodef-html--link qodef-layout--filled qodef-type--standard qodef-size--large qodef-icon--right qodef-hover--icon-move-horizontal-short\" href=\"https:\/\/dassobamboo.eu\/wp-content\/uploads\/2023\/05\/2019-EPD-Certification-DASSO-laminated-bamboo.pdf\" target=\"_self\">\n\t<div class=\"qodef-m-text-holder\">\n\t<span class=\"qodef-m-text\">Bambou lamin\u00e9 EPD<\/span>\n\t\t\t<span class=\"qodef-m-icon \">\n\t\t<span class=\"qodef-m-icon-inner\">\n\t\t\t<i aria-hidden=\"true\" class=\"fas fa-arrow-right\"><\/i>\t\t\t\t\t<\/span>\n\t<\/span>\n\t<\/div>\n\t\t\t<span class=\"qodef-m-subtext \">T\u00e9l\u00e9charger<\/span>\n\t<\/a>\n\t\t<\/div>\n\t\t\t\t<\/div>\n\t\t\t\t\t<\/div>\n\t\t<\/div>\n\t\t\t\t<div class=\"elementor-column elementor-col-20 elementor-top-column elementor-element elementor-element-73bf236d\" data-id=\"73bf236d\" data-element_type=\"column\">\n\t\t\t<div class=\"elementor-widget-wrap elementor-element-populated\">\n\t\t\t\t\t\t\t\t<div class=\"elementor-element elementor-element-b01050a elementor-widget elementor-widget-qi_addons_for_elementor_info_button\" data-id=\"b01050a\" data-element_type=\"widget\" data-widget_type=\"qi_addons_for_elementor_info_button.default\">\n\t\t\t\t<div class=\"elementor-widget-container\">\n\t\t\t<a class=\"qodef-shortcode qodef-m  qodef-qi-info-button qodef-html--link qodef-layout--filled qodef-type--standard qodef-size--large qodef-icon--right qodef-hover--icon-move-horizontal-short\" href=\"https:\/\/dassobamboo.eu\/wp-content\/uploads\/2023\/05\/2019-EPD-Certification-DASSO-SW-densified-bamboo.pdf\" target=\"_self\">\n\t<div class=\"qodef-m-text-holder\">\n\t<span class=\"qodef-m-text\">Bambou densifi\u00e9 EPD  <\/span>\n\t\t\t<span class=\"qodef-m-icon \">\n\t\t<span class=\"qodef-m-icon-inner\">\n\t\t\t<i aria-hidden=\"true\" class=\"fas fa-arrow-right\"><\/i>\t\t\t\t\t<\/span>\n\t<\/span>\n\t<\/div>\n\t\t\t<span class=\"qodef-m-subtext \">T\u00e9l\u00e9charger<\/span>\n\t<\/a>\n\t\t<\/div>\n\t\t\t\t<\/div>\n\t\t\t\t\t<\/div>\n\t\t<\/div>\n\t\t\t\t<div class=\"elementor-column elementor-col-20 elementor-top-column elementor-element elementor-element-5269fbe9\" data-id=\"5269fbe9\" data-element_type=\"column\">\n\t\t\t<div class=\"elementor-widget-wrap elementor-element-populated\">\n\t\t\t\t\t\t\t\t<div class=\"elementor-element elementor-element-24998d4b elementor-widget elementor-widget-qi_addons_for_elementor_info_button\" data-id=\"24998d4b\" data-element_type=\"widget\" data-widget_type=\"qi_addons_for_elementor_info_button.default\">\n\t\t\t\t<div class=\"elementor-widget-container\">\n\t\t\t<a class=\"qodef-shortcode qodef-m  qodef-qi-info-button qodef-html--link qodef-layout--filled qodef-type--standard qodef-size--large qodef-icon--right qodef-hover--icon-move-horizontal-short\" href=\"https:\/\/dassobamboo.eu\/wp-content\/uploads\/2023\/05\/2019-EPD-Certification-DASSO-XTRCTECH.pdf\" target=\"_self\">\n\t<div class=\"qodef-m-text-holder\">\n\t<span class=\"qodef-m-text\">EPD CTECH &amp; XTR<\/span>\n\t\t\t<span class=\"qodef-m-icon \">\n\t\t<span class=\"qodef-m-icon-inner\">\n\t\t\t<i aria-hidden=\"true\" class=\"fas fa-arrow-right\"><\/i>\t\t\t\t\t<\/span>\n\t<\/span>\n\t<\/div>\n\t\t\t<span class=\"qodef-m-subtext \">T\u00e9l\u00e9charger<\/span>\n\t<\/a>\n\t\t<\/div>\n\t\t\t\t<\/div>\n\t\t\t\t\t<\/div>\n\t\t<\/div>\n\t\t\t\t<div class=\"elementor-column elementor-col-20 elementor-top-column elementor-element elementor-element-52cd3512\" data-id=\"52cd3512\" data-element_type=\"column\">\n\t\t\t<div class=\"elementor-widget-wrap elementor-element-populated\">\n\t\t\t\t\t\t\t\t<div class=\"elementor-element elementor-element-82544ca elementor-widget elementor-widget-qi_addons_for_elementor_info_button\" data-id=\"82544ca\" data-element_type=\"widget\" data-widget_type=\"qi_addons_for_elementor_info_button.default\">\n\t\t\t\t<div class=\"elementor-widget-container\">\n\t\t\t<a class=\"qodef-shortcode qodef-m  qodef-qi-info-button qodef-html--link qodef-layout--filled qodef-type--standard qodef-size--large qodef-icon--right qodef-hover--icon-move-horizontal-short\" href=\"https:\/\/dassobamboo.eu\/wp-content\/uploads\/2023\/05\/Dasso-LCA-Report-v12020-3-20-2.pdf\" target=\"_self\">\n\t<div class=\"qodef-m-text-holder\">\n\t<span class=\"qodef-m-text\">LCA dur\u00e9e de vie compl\u00e8te <\/span>\n\t\t\t<span class=\"qodef-m-icon \">\n\t\t<span class=\"qodef-m-icon-inner\">\n\t\t\t<i aria-hidden=\"true\" class=\"fas fa-arrow-right\"><\/i>\t\t\t\t\t<\/span>\n\t<\/span>\n\t<\/div>\n\t\t\t<span class=\"qodef-m-subtext \">T\u00e9l\u00e9charger<\/span>\n\t<\/a>\n\t\t<\/div>\n\t\t\t\t<\/div>\n\t\t\t\t\t<\/div>\n\t\t<\/div>\n\t\t\t\t<div class=\"elementor-column elementor-col-20 elementor-top-column elementor-element elementor-element-570ea71\" data-id=\"570ea71\" data-element_type=\"column\">\n\t\t\t<div class=\"elementor-widget-wrap elementor-element-populated\">\n\t\t\t\t\t\t\t\t<div class=\"elementor-element elementor-element-cbcca4e elementor-widget elementor-widget-qi_addons_for_elementor_info_button\" data-id=\"cbcca4e\" data-element_type=\"widget\" data-widget_type=\"qi_addons_for_elementor_info_button.default\">\n\t\t\t\t<div class=\"elementor-widget-container\">\n\t\t\t<a class=\"qodef-shortcode qodef-m  qodef-qi-info-button qodef-html--link qodef-layout--filled qodef-type--standard qodef-size--large qodef-icon--right qodef-hover--icon-move-horizontal-short\" href=\"https:\/\/dassobamboo.eu\/wp-content\/uploads\/2023\/05\/Green-bamboo-dasso-Flyer.pdf\" target=\"_self\">\n\t<div class=\"qodef-m-text-holder\">\n\t<span class=\"qodef-m-text\">LEED BREAM GREENSTAR  <\/span>\n\t\t\t<span class=\"qodef-m-icon \">\n\t\t<span class=\"qodef-m-icon-inner\">\n\t\t\t<i aria-hidden=\"true\" class=\"fas fa-arrow-right\"><\/i>\t\t\t\t\t<\/span>\n\t<\/span>\n\t<\/div>\n\t\t\t<span class=\"qodef-m-subtext \">T\u00e9l\u00e9charger<\/span>\n\t<\/a>\n\t\t<\/div>\n\t\t\t\t<\/div>\n\t\t\t\t\t<\/div>\n\t\t<\/div>\n\t\t\t\t\t\t\t<\/div>\n\t\t<\/section>\n\t\t\t\t<section class=\"elementor-section elementor-top-section elementor-element elementor-element-cde131d elementor-hidden-desktop elementor-hidden-tablet elementor-section-boxed elementor-section-height-default elementor-section-height-default qodef-elementor-content-no\" data-id=\"cde131d\" data-element_type=\"section\">\n\t\t\t\t\t\t<div class=\"elementor-container elementor-column-gap-default\">\n\t\t\t\t\t<div class=\"elementor-column elementor-col-20 elementor-top-column elementor-element elementor-element-dd13763\" data-id=\"dd13763\" data-element_type=\"column\">\n\t\t\t<div class=\"elementor-widget-wrap elementor-element-populated\">\n\t\t\t\t\t\t\t\t<div class=\"elementor-element elementor-element-cc426db elementor-widget elementor-widget-qi_addons_for_elementor_info_button\" data-id=\"cc426db\" data-element_type=\"widget\" data-widget_type=\"qi_addons_for_elementor_info_button.default\">\n\t\t\t\t<div class=\"elementor-widget-container\">\n\t\t\t<a class=\"qodef-shortcode qodef-m  qodef-qi-info-button qodef-html--link qodef-layout--filled qodef-type--standard qodef-size--large qodef-icon--right qodef-hover--icon-move-horizontal-short\" href=\"https:\/\/dassobamboo.eu\/wp-content\/uploads\/2023\/05\/2019-EPD-Certification-DASSO-laminated-bamboo.pdf\" target=\"_self\">\n\t<div class=\"qodef-m-text-holder\">\n\t<span class=\"qodef-m-text\">Bambou lamin\u00e9 EPD<\/span>\n\t\t\t<span class=\"qodef-m-icon \">\n\t\t<span class=\"qodef-m-icon-inner\">\n\t\t\t<i aria-hidden=\"true\" class=\"fas fa-arrow-right\"><\/i>\t\t\t\t\t<\/span>\n\t<\/span>\n\t<\/div>\n\t\t\t<span class=\"qodef-m-subtext \">T\u00e9l\u00e9charger<\/span>\n\t<\/a>\n\t\t<\/div>\n\t\t\t\t<\/div>\n\t\t\t\t\t<\/div>\n\t\t<\/div>\n\t\t\t\t<div class=\"elementor-column elementor-col-20 elementor-top-column elementor-element elementor-element-0eb6f63\" data-id=\"0eb6f63\" data-element_type=\"column\">\n\t\t\t<div class=\"elementor-widget-wrap elementor-element-populated\">\n\t\t\t\t\t\t\t\t<div class=\"elementor-element elementor-element-a94edcd elementor-widget elementor-widget-qi_addons_for_elementor_info_button\" data-id=\"a94edcd\" data-element_type=\"widget\" data-widget_type=\"qi_addons_for_elementor_info_button.default\">\n\t\t\t\t<div class=\"elementor-widget-container\">\n\t\t\t<a class=\"qodef-shortcode qodef-m  qodef-qi-info-button qodef-html--link qodef-layout--filled qodef-type--standard qodef-size--large qodef-icon--right qodef-hover--icon-move-horizontal-short\" href=\"https:\/\/dassobamboo.eu\/wp-content\/uploads\/2023\/05\/2019-EPD-Certification-DASSO-SW-densified-bamboo.pdf\" target=\"_self\">\n\t<div class=\"qodef-m-text-holder\">\n\t<span class=\"qodef-m-text\">Bambou densifi\u00e9 EPD  <\/span>\n\t\t\t<span class=\"qodef-m-icon \">\n\t\t<span class=\"qodef-m-icon-inner\">\n\t\t\t<i aria-hidden=\"true\" class=\"fas fa-arrow-right\"><\/i>\t\t\t\t\t<\/span>\n\t<\/span>\n\t<\/div>\n\t\t\t<span class=\"qodef-m-subtext \">T\u00e9l\u00e9charger<\/span>\n\t<\/a>\n\t\t<\/div>\n\t\t\t\t<\/div>\n\t\t\t\t\t<\/div>\n\t\t<\/div>\n\t\t\t\t<div class=\"elementor-column elementor-col-20 elementor-top-column elementor-element elementor-element-abf56e1\" data-id=\"abf56e1\" data-element_type=\"column\">\n\t\t\t<div class=\"elementor-widget-wrap elementor-element-populated\">\n\t\t\t\t\t\t\t\t<div class=\"elementor-element elementor-element-b121016 elementor-widget elementor-widget-qi_addons_for_elementor_info_button\" data-id=\"b121016\" data-element_type=\"widget\" data-widget_type=\"qi_addons_for_elementor_info_button.default\">\n\t\t\t\t<div class=\"elementor-widget-container\">\n\t\t\t<a class=\"qodef-shortcode qodef-m  qodef-qi-info-button qodef-html--link qodef-layout--filled qodef-type--standard qodef-size--large qodef-icon--right qodef-hover--icon-move-horizontal-short\" href=\"https:\/\/dassobamboo.eu\/wp-content\/uploads\/2023\/05\/2019-EPD-Certification-DASSO-XTRCTECH.pdf\" target=\"_self\">\n\t<div class=\"qodef-m-text-holder\">\n\t<span class=\"qodef-m-text\">EPD CTECH &amp; XTR<\/span>\n\t\t\t<span class=\"qodef-m-icon \">\n\t\t<span class=\"qodef-m-icon-inner\">\n\t\t\t<i aria-hidden=\"true\" class=\"fas fa-arrow-right\"><\/i>\t\t\t\t\t<\/span>\n\t<\/span>\n\t<\/div>\n\t\t\t<span class=\"qodef-m-subtext \">T\u00e9l\u00e9charger<\/span>\n\t<\/a>\n\t\t<\/div>\n\t\t\t\t<\/div>\n\t\t\t\t\t<\/div>\n\t\t<\/div>\n\t\t\t\t<div class=\"elementor-column elementor-col-20 elementor-top-column elementor-element elementor-element-c61669b\" data-id=\"c61669b\" data-element_type=\"column\">\n\t\t\t<div class=\"elementor-widget-wrap elementor-element-populated\">\n\t\t\t\t\t\t\t\t<div class=\"elementor-element elementor-element-6a9d3a3 elementor-widget elementor-widget-qi_addons_for_elementor_info_button\" data-id=\"6a9d3a3\" data-element_type=\"widget\" data-widget_type=\"qi_addons_for_elementor_info_button.default\">\n\t\t\t\t<div class=\"elementor-widget-container\">\n\t\t\t<a class=\"qodef-shortcode qodef-m  qodef-qi-info-button qodef-html--link qodef-layout--filled qodef-type--standard qodef-size--large qodef-icon--right qodef-hover--icon-move-horizontal-short\" href=\"https:\/\/dassobamboo.eu\/wp-content\/uploads\/2023\/05\/Dasso-LCA-Report-v12020-3-20-2.pdf\" target=\"_self\">\n\t<div class=\"qodef-m-text-holder\">\n\t<span class=\"qodef-m-text\">Dossier complet de l&#039;ACL<\/span>\n\t\t\t<span class=\"qodef-m-icon \">\n\t\t<span class=\"qodef-m-icon-inner\">\n\t\t\t<i aria-hidden=\"true\" class=\"fas fa-arrow-right\"><\/i>\t\t\t\t\t<\/span>\n\t<\/span>\n\t<\/div>\n\t\t\t<span class=\"qodef-m-subtext \">T\u00e9l\u00e9charger<\/span>\n\t<\/a>\n\t\t<\/div>\n\t\t\t\t<\/div>\n\t\t\t\t\t<\/div>\n\t\t<\/div>\n\t\t\t\t<div class=\"elementor-column elementor-col-20 elementor-top-column elementor-element elementor-element-38e5b72\" data-id=\"38e5b72\" data-element_type=\"column\">\n\t\t\t<div class=\"elementor-widget-wrap elementor-element-populated\">\n\t\t\t\t\t\t\t\t<div class=\"elementor-element elementor-element-d12d810 elementor-widget elementor-widget-qi_addons_for_elementor_info_button\" data-id=\"d12d810\" data-element_type=\"widget\" data-widget_type=\"qi_addons_for_elementor_info_button.default\">\n\t\t\t\t<div class=\"elementor-widget-container\">\n\t\t\t<a class=\"qodef-shortcode qodef-m  qodef-qi-info-button qodef-html--link qodef-layout--filled qodef-type--standard qodef-size--large qodef-icon--right qodef-hover--icon-move-horizontal-short\" href=\"https:\/\/dassobamboo.eu\/wp-content\/uploads\/2023\/05\/Green-bamboo-dasso-Flyer.pdf\" target=\"_self\">\n\t<div class=\"qodef-m-text-holder\">\n\t<span class=\"qodef-m-text\">LEED BREAM GREEN STAR<\/span>\n\t\t\t<span class=\"qodef-m-icon \">\n\t\t<span class=\"qodef-m-icon-inner\">\n\t\t\t<i aria-hidden=\"true\" class=\"fas fa-arrow-right\"><\/i>\t\t\t\t\t<\/span>\n\t<\/span>\n\t<\/div>\n\t\t\t<span class=\"qodef-m-subtext \">T\u00e9l\u00e9charger<\/span>\n\t<\/a>\n\t\t<\/div>\n\t\t\t\t<\/div>\n\t\t\t\t\t<\/div>\n\t\t<\/div>\n\t\t\t\t\t\t\t<\/div>\n\t\t<\/section>\n\t\t\t\t\t\t\t<\/div>\n\t\t","protected":false},"excerpt":{"rendered":"<p>Bambou lamin\u00e9 EPD T\u00e9l\u00e9charger Bambou densifi\u00e9 EPD T\u00e9l\u00e9charger EPD CTECH &amp; XTR T\u00e9l\u00e9charger LCA dur\u00e9e de vie compl\u00e8te T\u00e9l\u00e9charger LEED BREAM GREENSTAR T\u00e9l\u00e9charger Bambou lamin\u00e9 EPD T\u00e9l\u00e9charger Bambou densifi\u00e9 EPD T\u00e9l\u00e9charger EPD CTECH &amp; XTR T\u00e9l\u00e9charger Dossier complet de l&#039;ACL T\u00e9l\u00e9charger LEED BREAM GREEN STAR T\u00e9l\u00e9charger<\/p>\n","protected":false},"author":1,"featured_media":0,"parent":0,"menu_order":0,"comment_status":"closed","ping_status":"closed","template":"","meta":{"footnotes":""},"class_list":["post-14236","page","type-page","status-publish","hentry"],"_links":{"self":[{"href":"https:\/\/dassobamboo.eu\/fr\/wp-json\/wp\/v2\/pages\/14236","targetHints":{"allow":["GET"]}}],"collection":[{"href":"https:\/\/dassobamboo.eu\/fr\/wp-json\/wp\/v2\/pages"}],"about":[{"href":"https:\/\/dassobamboo.eu\/fr\/wp-json\/wp\/v2\/types\/page"}],"author":[{"embeddable":true,"href":"https:\/\/dassobamboo.eu\/fr\/wp-json\/wp\/v2\/users\/1"}],"replies":[{"embeddable":true,"href":"https:\/\/dassobamboo.eu\/fr\/wp-json\/wp\/v2\/comments?post=14236"}],"version-history":[{"count":4,"href":"https:\/\/dassobamboo.eu\/fr\/wp-json\/wp\/v2\/pages\/14236\/revisions"}],"predecessor-version":[{"id":14372,"href":"https:\/\/dassobamboo.eu\/fr\/wp-json\/wp\/v2\/pages\/14236\/revisions\/14372"}],"wp:attachment":[{"href":"https:\/\/dassobamboo.eu\/fr\/wp-json\/wp\/v2\/media?parent=14236"}],"curies":[{"name":"wp","href":"https:\/\/api.w.org\/{rel}","templated":true}]}}