{"id":14162,"date":"2023-05-01T21:41:30","date_gmt":"2023-05-01T21:41:30","guid":{"rendered":"https:\/\/dassobamboo.eu\/brochures-et-depliants\/"},"modified":"2023-10-19T05:29:51","modified_gmt":"2023-10-19T05:29:51","slug":"brochures-et-depliants","status":"publish","type":"page","link":"https:\/\/dassobamboo.eu\/fr\/brochures-et-depliants\/","title":{"rendered":"Brochures et d\u00e9pliants"},"content":{"rendered":"\t\t<div data-elementor-type=\"wp-page\" data-elementor-id=\"14162\" class=\"elementor elementor-14162 elementor-10167\">\n\t\t\t\t\t\t\t\t\t<section class=\"elementor-section elementor-top-section elementor-element elementor-element-7713b9d elementor-section-boxed elementor-section-height-default elementor-section-height-default qodef-elementor-content-no\" data-id=\"7713b9d\" data-element_type=\"section\">\n\t\t\t\t\t\t<div class=\"elementor-container elementor-column-gap-default\">\n\t\t\t\t\t<div class=\"elementor-column elementor-col-100 elementor-top-column elementor-element elementor-element-eb4427a\" data-id=\"eb4427a\" data-element_type=\"column\">\n\t\t\t<div class=\"elementor-widget-wrap elementor-element-populated\">\n\t\t\t\t\t\t\t\t<div class=\"elementor-element elementor-element-671ce75 animated-slow elementor-invisible elementor-widget elementor-widget-heading\" data-id=\"671ce75\" data-element_type=\"widget\" data-settings=\"{&quot;_animation&quot;:&quot;fadeInDown&quot;}\" data-widget_type=\"heading.default\">\n\t\t\t\t<div class=\"elementor-widget-container\">\n\t\t\t<style>\/*! elementor - v3.12.2 - 23-04-2023 *\/\n.elementor-heading-title{padding:0;margin:0;line-height:1}.elementor-widget-heading .elementor-heading-title[class*=elementor-size-]>a{color:inherit;font-size:inherit;line-height:inherit}.elementor-widget-heading .elementor-heading-title.elementor-size-small{font-size:15px}.elementor-widget-heading .elementor-heading-title.elementor-size-medium{font-size:19px}.elementor-widget-heading .elementor-heading-title.elementor-size-large{font-size:29px}.elementor-widget-heading .elementor-heading-title.elementor-size-xl{font-size:39px}.elementor-widget-heading .elementor-heading-title.elementor-size-xxl{font-size:59px}<\/style><h2 class=\"elementor-heading-title elementor-size-default\">Brochures <\/h2>\t\t<\/div>\n\t\t\t\t<\/div>\n\t\t\t\t\t<\/div>\n\t\t<\/div>\n\t\t\t\t\t\t\t<\/div>\n\t\t<\/section>\n\t\t\t\t<section class=\"elementor-section elementor-top-section elementor-element elementor-element-6c6dc5f elementor-section-boxed elementor-section-height-default elementor-section-height-default qodef-elementor-content-no\" data-id=\"6c6dc5f\" data-element_type=\"section\">\n\t\t\t\t\t\t<div class=\"elementor-container elementor-column-gap-default\">\n\t\t\t\t\t<div class=\"elementor-column elementor-col-50 elementor-top-column elementor-element elementor-element-11e0fbc\" data-id=\"11e0fbc\" data-element_type=\"column\">\n\t\t\t<div class=\"elementor-widget-wrap\">\n\t\t\t\t\t\t\t\t\t<\/div>\n\t\t<\/div>\n\t\t\t\t<div class=\"elementor-column elementor-col-50 elementor-top-column elementor-element elementor-element-983d7c0\" data-id=\"983d7c0\" data-element_type=\"column\">\n\t\t\t<div class=\"elementor-widget-wrap\">\n\t\t\t\t\t\t\t\t\t<\/div>\n\t\t<\/div>\n\t\t\t\t\t\t\t<\/div>\n\t\t<\/section>\n\t\t\t\t<section class=\"elementor-section elementor-top-section elementor-element elementor-element-2f88124 elementor-section-boxed elementor-section-height-default elementor-section-height-default qodef-elementor-content-no\" data-id=\"2f88124\" data-element_type=\"section\">\n\t\t\t\t\t\t<div class=\"elementor-container elementor-column-gap-default\">\n\t\t\t\t\t<div class=\"elementor-column elementor-col-33 elementor-top-column elementor-element elementor-element-15ccff0\" data-id=\"15ccff0\" data-element_type=\"column\">\n\t\t\t<div class=\"elementor-widget-wrap elementor-element-populated\">\n\t\t\t\t\t\t\t\t<div class=\"elementor-element elementor-element-2902250 elementor-widget elementor-widget-brok_core_single_image\" data-id=\"2902250\" data-element_type=\"widget\" data-widget_type=\"brok_core_single_image.default\">\n\t\t\t\t<div class=\"elementor-widget-container\">\n\t\t\t<div class=\"qodef-shortcode qodef-m  qodef-single-image qodef-layout--default  \">\n\t\t<div class=\"qodef-m-image\">\n\t\t\t\t\t<img fetchpriority=\"high\" decoding=\"async\" width=\"500\" height=\"500\" src=\"https:\/\/dassobamboo.eu\/wp-content\/uploads\/2023\/05\/Brochure.png\" class=\"attachment-full size-full\" alt=\"\" srcset=\"https:\/\/dassobamboo.eu\/wp-content\/uploads\/2023\/05\/Brochure.png 500w, https:\/\/dassobamboo.eu\/wp-content\/uploads\/2023\/05\/Brochure-300x300.png 300w, https:\/\/dassobamboo.eu\/wp-content\/uploads\/2023\/05\/Brochure-150x150.png 150w, https:\/\/dassobamboo.eu\/wp-content\/uploads\/2023\/05\/Brochure-100x100.png 100w\" sizes=\"(max-width: 500px) 100vw, 500px\" loading=\"eager\" \/>\t\t\t<\/div>\n<\/div>\n\t\t<\/div>\n\t\t\t\t<\/div>\n\t\t\t\t<div class=\"elementor-element elementor-element-f6f4b9a elementor-widget elementor-widget-brok_core_button\" data-id=\"f6f4b9a\" data-element_type=\"widget\" data-widget_type=\"brok_core_button.default\">\n\t\t\t\t<div class=\"elementor-widget-container\">\n\t\t\t<a class=\"qodef-shortcode qodef-m  qodef-button qodef-layout--filled  qodef-html--link\" href=\"https:\/\/dassobamboo.eu\/wp-content\/uploads\/2023\/05\/Projects-Reference.pdf\" target=\"_self\"  >\n\t<span class=\"qodef-bg-effect\" ><\/span>\n\t<span class=\"qodef-m-text\">\n\t\t<svg xmlns=\"http:\/\/www.w3.org\/2000\/svg\" xmlns:xlink=\"http:\/\/www.w3.org\/1999\/xlink\" x=\"0px\" y=\"0px\" width=\"12px\" height=\"12px\" viewBox=\"0 0 12 12\" style=\"enable-background:new 0 0 12 12;\" xml:space=\"preserve\"><g><rect y=\"5\" width=\"12\" height=\"2\"\/><rect y=\"5\" transform=\"matrix(6.123234e-17 -1 1 6.123234e-17 0 12)\" width=\"12\" height=\"2\"\/><\/g><\/svg>\n\t\tLIVRE DE R\u00e9f\u00e9rence \t<\/span>\n<\/a>\n\t\t<\/div>\n\t\t\t\t<\/div>\n\t\t\t\t\t<\/div>\n\t\t<\/div>\n\t\t\t\t<div class=\"elementor-column elementor-col-33 elementor-top-column elementor-element elementor-element-b6c01b8\" data-id=\"b6c01b8\" data-element_type=\"column\">\n\t\t\t<div class=\"elementor-widget-wrap elementor-element-populated\">\n\t\t\t\t\t\t\t\t<div class=\"elementor-element elementor-element-0dc5b94 elementor-widget elementor-widget-brok_core_single_image\" data-id=\"0dc5b94\" data-element_type=\"widget\" data-widget_type=\"brok_core_single_image.default\">\n\t\t\t\t<div class=\"elementor-widget-container\">\n\t\t\t<div class=\"qodef-shortcode qodef-m  qodef-single-image qodef-layout--default  \">\n\t\t<div class=\"qodef-m-image\">\n\t\t\t\t\t<img decoding=\"async\" width=\"500\" height=\"500\" src=\"https:\/\/dassobamboo.eu\/wp-content\/uploads\/2023\/05\/Flyer.png\" class=\"attachment-full size-full\" alt=\"\" srcset=\"https:\/\/dassobamboo.eu\/wp-content\/uploads\/2023\/05\/Flyer.png 500w, https:\/\/dassobamboo.eu\/wp-content\/uploads\/2023\/05\/Flyer-300x300.png 300w, https:\/\/dassobamboo.eu\/wp-content\/uploads\/2023\/05\/Flyer-150x150.png 150w, https:\/\/dassobamboo.eu\/wp-content\/uploads\/2023\/05\/Flyer-100x100.png 100w\" sizes=\"(max-width: 500px) 100vw, 500px\" loading=\"eager\" \/>\t\t\t<\/div>\n<\/div>\n\t\t<\/div>\n\t\t\t\t<\/div>\n\t\t\t\t<div class=\"elementor-element elementor-element-4752b42 elementor-widget elementor-widget-brok_core_button\" data-id=\"4752b42\" data-element_type=\"widget\" data-widget_type=\"brok_core_button.default\">\n\t\t\t\t<div class=\"elementor-widget-container\">\n\t\t\t<a class=\"qodef-shortcode qodef-m  qodef-button qodef-layout--filled  qodef-html--link\" href=\"https:\/\/dassobamboo.eu\/wp-content\/uploads\/2023\/05\/Flyer-dassoCTECH-plus-3050mm-2.pdf\" target=\"_self\"  >\n\t<span class=\"qodef-bg-effect\" ><\/span>\n\t<span class=\"qodef-m-text\">\n\t\t<svg xmlns=\"http:\/\/www.w3.org\/2000\/svg\" xmlns:xlink=\"http:\/\/www.w3.org\/1999\/xlink\" x=\"0px\" y=\"0px\" width=\"12px\" height=\"12px\" viewBox=\"0 0 12 12\" style=\"enable-background:new 0 0 12 12;\" xml:space=\"preserve\"><g><rect y=\"5\" width=\"12\" height=\"2\"\/><rect y=\"5\" transform=\"matrix(6.123234e-17 -1 1 6.123234e-17 0 12)\" width=\"12\" height=\"2\"\/><\/g><\/svg>\n\t\td\u00e9pliant CTECH PLUS \t<\/span>\n<\/a>\n\t\t<\/div>\n\t\t\t\t<\/div>\n\t\t\t\t\t<\/div>\n\t\t<\/div>\n\t\t\t\t<div class=\"elementor-column elementor-col-33 elementor-top-column elementor-element elementor-element-d0d3b00\" data-id=\"d0d3b00\" data-element_type=\"column\">\n\t\t\t<div class=\"elementor-widget-wrap elementor-element-populated\">\n\t\t\t\t\t\t\t\t<div class=\"elementor-element elementor-element-d1e0f35 elementor-widget elementor-widget-brok_core_single_image\" data-id=\"d1e0f35\" data-element_type=\"widget\" data-widget_type=\"brok_core_single_image.default\">\n\t\t\t\t<div class=\"elementor-widget-container\">\n\t\t\t<div class=\"qodef-shortcode qodef-m  qodef-single-image qodef-layout--default  \">\n\t\t<div class=\"qodef-m-image\">\n\t\t\t\t\t<img decoding=\"async\" width=\"500\" height=\"500\" src=\"https:\/\/dassobamboo.eu\/wp-content\/uploads\/2023\/05\/Brochure2.png\" class=\"attachment-full size-full\" alt=\"\" srcset=\"https:\/\/dassobamboo.eu\/wp-content\/uploads\/2023\/05\/Brochure2.png 500w, https:\/\/dassobamboo.eu\/wp-content\/uploads\/2023\/05\/Brochure2-300x300.png 300w, https:\/\/dassobamboo.eu\/wp-content\/uploads\/2023\/05\/Brochure2-150x150.png 150w, https:\/\/dassobamboo.eu\/wp-content\/uploads\/2023\/05\/Brochure2-100x100.png 100w\" sizes=\"(max-width: 500px) 100vw, 500px\" loading=\"eager\" \/>\t\t\t<\/div>\n<\/div>\n\t\t<\/div>\n\t\t\t\t<\/div>\n\t\t\t\t<div class=\"elementor-element elementor-element-25e8e8c elementor-widget elementor-widget-brok_core_button\" data-id=\"25e8e8c\" data-element_type=\"widget\" data-widget_type=\"brok_core_button.default\">\n\t\t\t\t<div class=\"elementor-widget-container\">\n\t\t\t<a class=\"qodef-shortcode qodef-m  qodef-button qodef-layout--filled  qodef-html--link\" href=\"http:\/\/dassobamboo.eu\/wp-content\/uploads\/2023\/08\/DassoXTR-CTECH-brochure-FR.pdf\" target=\"_self\"  >\n\t<span class=\"qodef-bg-effect\" ><\/span>\n\t<span class=\"qodef-m-text\">\n\t\t<svg xmlns=\"http:\/\/www.w3.org\/2000\/svg\" xmlns:xlink=\"http:\/\/www.w3.org\/1999\/xlink\" x=\"0px\" y=\"0px\" width=\"12px\" height=\"12px\" viewBox=\"0 0 12 12\" style=\"enable-background:new 0 0 12 12;\" xml:space=\"preserve\"><g><rect y=\"5\" width=\"12\" height=\"2\"\/><rect y=\"5\" transform=\"matrix(6.123234e-17 -1 1 6.123234e-17 0 12)\" width=\"12\" height=\"2\"\/><\/g><\/svg>\n\t\tBrochure XTR &amp; CTECH \t<\/span>\n<\/a>\n\t\t<\/div>\n\t\t\t\t<\/div>\n\t\t\t\t\t<\/div>\n\t\t<\/div>\n\t\t\t\t\t\t\t<\/div>\n\t\t<\/section>\n\t\t\t\t\t\t\t<\/div>\n\t\t","protected":false},"excerpt":{"rendered":"<p>Brochures LIVRE DE R\u00e9f\u00e9rence d\u00e9pliant CTECH PLUS Brochure XTR &amp; CTECH<\/p>\n","protected":false},"author":1,"featured_media":0,"parent":0,"menu_order":0,"comment_status":"closed","ping_status":"closed","template":"","meta":{"footnotes":""},"class_list":["post-14162","page","type-page","status-publish","hentry"],"_links":{"self":[{"href":"https:\/\/dassobamboo.eu\/fr\/wp-json\/wp\/v2\/pages\/14162","targetHints":{"allow":["GET"]}}],"collection":[{"href":"https:\/\/dassobamboo.eu\/fr\/wp-json\/wp\/v2\/pages"}],"about":[{"href":"https:\/\/dassobamboo.eu\/fr\/wp-json\/wp\/v2\/types\/page"}],"author":[{"embeddable":true,"href":"https:\/\/dassobamboo.eu\/fr\/wp-json\/wp\/v2\/users\/1"}],"replies":[{"embeddable":true,"href":"https:\/\/dassobamboo.eu\/fr\/wp-json\/wp\/v2\/comments?post=14162"}],"version-history":[{"count":9,"href":"https:\/\/dassobamboo.eu\/fr\/wp-json\/wp\/v2\/pages\/14162\/revisions"}],"predecessor-version":[{"id":15518,"href":"https:\/\/dassobamboo.eu\/fr\/wp-json\/wp\/v2\/pages\/14162\/revisions\/15518"}],"wp:attachment":[{"href":"https:\/\/dassobamboo.eu\/fr\/wp-json\/wp\/v2\/media?parent=14162"}],"curies":[{"name":"wp","href":"https:\/\/api.w.org\/{rel}","templated":true}]}}