{"id":13996,"date":"2023-02-21T09:26:21","date_gmt":"2023-02-21T09:26:21","guid":{"rendered":"https:\/\/dassobamboo.eu\/aplicaciones\/"},"modified":"2023-07-17T15:04:23","modified_gmt":"2023-07-17T15:04:23","slug":"aplicaciones","status":"publish","type":"page","link":"https:\/\/dassobamboo.eu\/es\/aplicaciones\/","title":{"rendered":"aplicaciones"},"content":{"rendered":"\t\t<div data-elementor-type=\"wp-page\" data-elementor-id=\"13996\" class=\"elementor elementor-13996 elementor-7242\">\n\t\t\t\t\t\t\t\t\t<section class=\"elementor-section elementor-top-section elementor-element elementor-element-d954757 elementor-section-stretched elementor-hidden-mobile elementor-section-boxed elementor-section-height-default elementor-section-height-default qodef-elementor-content-no\" data-id=\"d954757\" data-element_type=\"section\" data-settings=\"{&quot;stretch_section&quot;:&quot;section-stretched&quot;}\">\n\t\t\t\t\t\t<div class=\"elementor-container elementor-column-gap-default\">\n\t\t\t\t\t<div class=\"elementor-column elementor-col-25 elementor-top-column elementor-element elementor-element-be66949\" data-id=\"be66949\" data-element_type=\"column\" data-settings=\"{&quot;background_background&quot;:&quot;classic&quot;}\">\n\t\t\t<div class=\"elementor-widget-wrap elementor-element-populated\">\n\t\t\t\t\t\t\t\t<div class=\"elementor-element elementor-element-8948343 elementor-widget elementor-widget-brok_core_info_section\" data-id=\"8948343\" data-element_type=\"widget\" data-widget_type=\"brok_core_info_section.default\">\n\t\t\t\t<div class=\"elementor-widget-container\">\n\t\t\t<div class=\"qodef-shortcode qodef-m  qodef-info-section qodef-layout--background-text  qodef-background-text-pos--top-left\">\n\t<div class=\"qodef-m-background-text\">\n\t\t\t<\/div>\n\t<div class=\"qodef-m-info\">\n\t\t\t\t\t<p class=\"qodef-m-text\" >Dale un toque sofisticado a tus exteriores con nuestra selecci\u00f3n de elegantes y duraderas tablas para terrazas, disponibles en una variedad de colores<\/p>\n\t\t\t<div class=\"qodef-m-button\">\n\t\t<a class=\"qodef-shortcode qodef-m  qodef-button qodef-layout--filled qodef-size--small qodef-html--link\" href=\"https:\/\/dassobamboo.eu\/applications\/decking\/\" target=\"_self\"  style=\"font-size: 11px;font-weight: 300;text-transform: none\">\t<span class=\"qodef-bg-effect\" ><\/span>\t<span class=\"qodef-m-text\">\t\t<svg xmlns=\"http:\/\/www.w3.org\/2000\/svg\" xmlns:xlink=\"http:\/\/www.w3.org\/1999\/xlink\" x=\"0px\" y=\"0px\" width=\"12px\" height=\"12px\" viewBox=\"0 0 12 12\" style=\"enable-background:new 0 0 12 12;\" xml:space=\"preserve\"><g><rect y=\"5\" width=\"12\" height=\"2\"\/><rect y=\"5\" transform=\"matrix(6.123234e-17 -1 1 6.123234e-17 0 12)\" width=\"12\" height=\"2\"\/><\/g><\/svg>\t\tExplora\t<\/span><\/a>\t<\/div>\n\t<\/div>\n<\/div>\n\t\t<\/div>\n\t\t\t\t<\/div>\n\t\t\t\t\t<\/div>\n\t\t<\/div>\n\t\t\t\t<div class=\"elementor-column elementor-col-25 elementor-top-column elementor-element elementor-element-eec1142\" data-id=\"eec1142\" data-element_type=\"column\" data-settings=\"{&quot;background_background&quot;:&quot;classic&quot;}\">\n\t\t\t<div class=\"elementor-widget-wrap elementor-element-populated\">\n\t\t\t\t\t\t\t\t<div class=\"elementor-element elementor-element-32b0d23 elementor-widget elementor-widget-brok_core_info_section\" data-id=\"32b0d23\" data-element_type=\"widget\" data-widget_type=\"brok_core_info_section.default\">\n\t\t\t\t<div class=\"elementor-widget-container\">\n\t\t\t<div class=\"qodef-shortcode qodef-m  qodef-info-section qodef-layout--background-text  qodef-background-text-pos--top-left\">\n\t<div class=\"qodef-m-background-text\">\n\t\t\t<\/div>\n\t<div class=\"qodef-m-info\">\n\t\t\t\t\t<p class=\"qodef-m-text\" >Mejora el aspecto y la sensaci\u00f3n de tu fachada con nuestra gama de lamas de revestimiento de bamb\u00fa de alta calidad<\/p>\n\t\t\t<div class=\"qodef-m-button\">\n\t\t<a class=\"qodef-shortcode qodef-m  qodef-button qodef-layout--filled qodef-size--small qodef-html--link\" href=\"https:\/\/dassobamboo.eu\/applications\/cladding\/\" target=\"_self\"  style=\"background-color: #B6B6B6;font-size: 11px;font-weight: 300;text-transform: none\">\t<span class=\"qodef-bg-effect\" style=\"background-color: #B6B6B6\"><\/span>\t<span class=\"qodef-m-text\">\t\t<svg xmlns=\"http:\/\/www.w3.org\/2000\/svg\" xmlns:xlink=\"http:\/\/www.w3.org\/1999\/xlink\" x=\"0px\" y=\"0px\" width=\"12px\" height=\"12px\" viewBox=\"0 0 12 12\" style=\"enable-background:new 0 0 12 12;\" xml:space=\"preserve\"><g><rect y=\"5\" width=\"12\" height=\"2\"\/><rect y=\"5\" transform=\"matrix(6.123234e-17 -1 1 6.123234e-17 0 12)\" width=\"12\" height=\"2\"\/><\/g><\/svg>\t\tExplora\t<\/span><\/a>\t<\/div>\n\t<\/div>\n<\/div>\n\t\t<\/div>\n\t\t\t\t<\/div>\n\t\t\t\t\t<\/div>\n\t\t<\/div>\n\t\t\t\t<div class=\"elementor-column elementor-col-25 elementor-top-column elementor-element elementor-element-f4db111\" data-id=\"f4db111\" data-element_type=\"column\" data-settings=\"{&quot;background_background&quot;:&quot;classic&quot;}\">\n\t\t\t<div class=\"elementor-widget-wrap elementor-element-populated\">\n\t\t\t\t\t\t\t\t<div class=\"elementor-element elementor-element-e17dc03 elementor-widget elementor-widget-brok_core_info_section\" data-id=\"e17dc03\" data-element_type=\"widget\" data-widget_type=\"brok_core_info_section.default\">\n\t\t\t\t<div class=\"elementor-widget-container\">\n\t\t\t<div class=\"qodef-shortcode qodef-m  qodef-info-section qodef-layout--background-text  qodef-background-text-pos--top-left\">\n\t<div class=\"qodef-m-background-text\">\n\t\t\t<\/div>\n\t<div class=\"qodef-m-info\">\n\t\t\t\t\t<p class=\"qodef-m-text\" style=\"color: #FFFFFF\">Explora nuestra gama de lamas de revestimiento de techo de bamb\u00fa duraderas y de bajo mantenimiento y encuentra el ajuste perfecto<\/p>\n\t\t\t<div class=\"qodef-m-button\">\n\t\t<a class=\"qodef-shortcode qodef-m  qodef-button qodef-layout--filled qodef-size--small qodef-html--link\" href=\"https:\/\/dassobamboo.eu\/applications\/ceiling\/\" target=\"_self\"  style=\"color: #FFFFFF;background-color: #595959;font-size: 11px;font-weight: 300;text-transform: none\">\t<span class=\"qodef-bg-effect\" style=\"background-color: #595959\"><\/span>\t<span class=\"qodef-m-text\">\t\t<svg xmlns=\"http:\/\/www.w3.org\/2000\/svg\" xmlns:xlink=\"http:\/\/www.w3.org\/1999\/xlink\" x=\"0px\" y=\"0px\" width=\"12px\" height=\"12px\" viewBox=\"0 0 12 12\" style=\"enable-background:new 0 0 12 12;\" xml:space=\"preserve\"><g><rect y=\"5\" width=\"12\" height=\"2\"\/><rect y=\"5\" transform=\"matrix(6.123234e-17 -1 1 6.123234e-17 0 12)\" width=\"12\" height=\"2\"\/><\/g><\/svg>\t\tExplora\t<\/span><\/a>\t<\/div>\n\t<\/div>\n<\/div>\n\t\t<\/div>\n\t\t\t\t<\/div>\n\t\t\t\t\t<\/div>\n\t\t<\/div>\n\t\t\t\t<div class=\"elementor-column elementor-col-25 elementor-top-column elementor-element elementor-element-69dd64e\" data-id=\"69dd64e\" data-element_type=\"column\" data-settings=\"{&quot;background_background&quot;:&quot;classic&quot;}\">\n\t\t\t<div class=\"elementor-widget-wrap elementor-element-populated\">\n\t\t\t\t\t\t\t\t<div class=\"elementor-element elementor-element-d6a556b elementor-widget elementor-widget-brok_core_info_section\" data-id=\"d6a556b\" data-element_type=\"widget\" data-widget_type=\"brok_core_info_section.default\">\n\t\t\t\t<div class=\"elementor-widget-container\">\n\t\t\t<div class=\"qodef-shortcode qodef-m  qodef-info-section qodef-layout--background-text  qodef-background-text-pos--top-left\">\n\t<div class=\"qodef-m-background-text\">\n\t\t\t<\/div>\n\t<div class=\"qodef-m-info\">\n\t\t\t\t\t<p class=\"qodef-m-text\" style=\"color: #FFFFFF\">Embellece tus proyectos mobiliario, fachadas y celosias de exterior con la belleza natural de nuestros listones, vigas y tableros de bamb\u00fa\n\n\n<\/p>\n\t\t\t<div class=\"qodef-m-button\">\n\t\t<a class=\"qodef-shortcode qodef-m  qodef-button qodef-layout--filled qodef-size--small qodef-html--link\" href=\"https:\/\/dassobamboo.eu\/applications\/beams\/\" target=\"_self\"  style=\"color: #FFFFFF;background-color: #8F8F8F;font-size: 11px;font-weight: 300;text-transform: none\">\t<span class=\"qodef-bg-effect\" style=\"background-color: #8F8F8F\"><\/span>\t<span class=\"qodef-m-text\">\t\t<svg xmlns=\"http:\/\/www.w3.org\/2000\/svg\" xmlns:xlink=\"http:\/\/www.w3.org\/1999\/xlink\" x=\"0px\" y=\"0px\" width=\"12px\" height=\"12px\" viewBox=\"0 0 12 12\" style=\"enable-background:new 0 0 12 12;\" xml:space=\"preserve\"><g><rect y=\"5\" width=\"12\" height=\"2\"\/><rect y=\"5\" transform=\"matrix(6.123234e-17 -1 1 6.123234e-17 0 12)\" width=\"12\" height=\"2\"\/><\/g><\/svg>\t\tExplora\t<\/span><\/a>\t<\/div>\n\t<\/div>\n<\/div>\n\t\t<\/div>\n\t\t\t\t<\/div>\n\t\t\t\t\t<\/div>\n\t\t<\/div>\n\t\t\t\t\t\t\t<\/div>\n\t\t<\/section>\n\t\t\t\t<section class=\"elementor-section elementor-top-section elementor-element elementor-element-66ecc55 elementor-section-full_width elementor-section-stretched elementor-hidden-desktop elementor-hidden-tablet elementor-hidden-mobile elementor-section-height-default elementor-section-height-default qodef-elementor-content-no\" data-id=\"66ecc55\" data-element_type=\"section\" data-settings=\"{&quot;stretch_section&quot;:&quot;section-stretched&quot;,&quot;background_background&quot;:&quot;classic&quot;}\">\n\t\t\t\t\t\t<div class=\"elementor-container elementor-column-gap-default\">\n\t\t\t\t\t<div class=\"elementor-column elementor-col-100 elementor-top-column elementor-element elementor-element-a6b2907\" data-id=\"a6b2907\" data-element_type=\"column\">\n\t\t\t<div class=\"elementor-widget-wrap elementor-element-populated\">\n\t\t\t\t\t\t\t\t<div class=\"elementor-element elementor-element-7584ae1 elementor-widget elementor-widget-text-editor\" data-id=\"7584ae1\" data-element_type=\"widget\" data-widget_type=\"text-editor.default\">\n\t\t\t\t<div class=\"elementor-widget-container\">\n\t\t\t<style>\/*! elementor - v3.12.2 - 23-04-2023 *\/\n.elementor-widget-text-editor.elementor-drop-cap-view-stacked .elementor-drop-cap{background-color:#69727d;color:#fff}.elementor-widget-text-editor.elementor-drop-cap-view-framed .elementor-drop-cap{color:#69727d;border:3px solid;background-color:transparent}.elementor-widget-text-editor:not(.elementor-drop-cap-view-default) .elementor-drop-cap{margin-top:8px}.elementor-widget-text-editor:not(.elementor-drop-cap-view-default) .elementor-drop-cap-letter{width:1em;height:1em}.elementor-widget-text-editor .elementor-drop-cap{float:left;text-align:center;line-height:1;font-size:50px}.elementor-widget-text-editor .elementor-drop-cap-letter{display:inline-block}<\/style>\t\t\t\t<p>D\u00e9 un toque sofisticado a sus exteriores con nuestra selecci\u00f3n de elegantes y duraderas tablas para terrazas, disponibles en una amplia gama de colores, acabados y texturas.<\/p>\n\t\t\t\t\t\t<\/div>\n\t\t\t\t<\/div>\n\t\t\t\t<div class=\"elementor-element elementor-element-7f034d4 elementor-widget elementor-widget-brok_core_button\" data-id=\"7f034d4\" data-element_type=\"widget\" data-widget_type=\"brok_core_button.default\">\n\t\t\t\t<div class=\"elementor-widget-container\">\n\t\t\t<a class=\"qodef-shortcode qodef-m  qodef-button qodef-layout--filled qodef-size--small qodef-html--link\" href=\"https:\/\/dassobamboo.eu\/applications\/decking\/\" target=\"_self\"  style=\"color: #000000;background-color: #E6E3E3;font-size: 11px;font-weight: 400;text-transform: none\">\n\t<span class=\"qodef-bg-effect\" style=\"background-color: #E6E3E3\"><\/span>\n\t<span class=\"qodef-m-text\">\n\t\t<svg xmlns=\"http:\/\/www.w3.org\/2000\/svg\" xmlns:xlink=\"http:\/\/www.w3.org\/1999\/xlink\" x=\"0px\" y=\"0px\" width=\"12px\" height=\"12px\" viewBox=\"0 0 12 12\" style=\"enable-background:new 0 0 12 12;\" xml:space=\"preserve\"><g><rect y=\"5\" width=\"12\" height=\"2\"\/><rect y=\"5\" transform=\"matrix(6.123234e-17 -1 1 6.123234e-17 0 12)\" width=\"12\" height=\"2\"\/><\/g><\/svg>\n\t\tExplore\t<\/span>\n<\/a>\n\t\t<\/div>\n\t\t\t\t<\/div>\n\t\t\t\t\t<\/div>\n\t\t<\/div>\n\t\t\t\t\t\t\t<\/div>\n\t\t<\/section>\n\t\t\t\t<section class=\"elementor-section elementor-top-section elementor-element elementor-element-aebc0c6 elementor-section-full_width elementor-section-stretched elementor-hidden-desktop elementor-hidden-tablet elementor-hidden-mobile elementor-section-height-default elementor-section-height-default qodef-elementor-content-no\" data-id=\"aebc0c6\" data-element_type=\"section\" data-settings=\"{&quot;stretch_section&quot;:&quot;section-stretched&quot;,&quot;background_background&quot;:&quot;classic&quot;}\">\n\t\t\t\t\t\t<div class=\"elementor-container elementor-column-gap-default\">\n\t\t\t\t\t<div class=\"elementor-column elementor-col-100 elementor-top-column elementor-element elementor-element-8d58e25\" data-id=\"8d58e25\" data-element_type=\"column\">\n\t\t\t<div class=\"elementor-widget-wrap elementor-element-populated\">\n\t\t\t\t\t\t\t\t<div class=\"elementor-element elementor-element-8c37db5 elementor-widget elementor-widget-text-editor\" data-id=\"8c37db5\" data-element_type=\"widget\" data-widget_type=\"text-editor.default\">\n\t\t\t\t<div class=\"elementor-widget-container\">\n\t\t\t\t\t\t\t<p>Mejore el aspecto de su fachada con nuestra gama de tablas de bamb\u00fa de alta calidad, disponibles en varios estilos y acabados.<\/p>\n\t\t\t\t\t\t<\/div>\n\t\t\t\t<\/div>\n\t\t\t\t<div class=\"elementor-element elementor-element-ac4c155 elementor-widget elementor-widget-brok_core_button\" data-id=\"ac4c155\" data-element_type=\"widget\" data-widget_type=\"brok_core_button.default\">\n\t\t\t\t<div class=\"elementor-widget-container\">\n\t\t\t<a class=\"qodef-shortcode qodef-m  qodef-button qodef-layout--filled qodef-size--small qodef-html--link\" href=\"https:\/\/dassobamboo.eu\/applications\/cladding\/\" target=\"_self\"  style=\"color: #000000;background-color: #A4A2A2;font-size: 11px;font-weight: 400;text-transform: none\">\n\t<span class=\"qodef-bg-effect\" style=\"background-color: #A4A2A2\"><\/span>\n\t<span class=\"qodef-m-text\">\n\t\t<svg xmlns=\"http:\/\/www.w3.org\/2000\/svg\" xmlns:xlink=\"http:\/\/www.w3.org\/1999\/xlink\" x=\"0px\" y=\"0px\" width=\"12px\" height=\"12px\" viewBox=\"0 0 12 12\" style=\"enable-background:new 0 0 12 12;\" xml:space=\"preserve\"><g><rect y=\"5\" width=\"12\" height=\"2\"\/><rect y=\"5\" transform=\"matrix(6.123234e-17 -1 1 6.123234e-17 0 12)\" width=\"12\" height=\"2\"\/><\/g><\/svg>\n\t\tExplore\t<\/span>\n<\/a>\n\t\t<\/div>\n\t\t\t\t<\/div>\n\t\t\t\t\t<\/div>\n\t\t<\/div>\n\t\t\t\t\t\t\t<\/div>\n\t\t<\/section>\n\t\t\t\t<section class=\"elementor-section elementor-top-section elementor-element elementor-element-01834b1 elementor-section-full_width elementor-section-stretched elementor-hidden-desktop elementor-hidden-tablet elementor-hidden-mobile elementor-section-height-default elementor-section-height-default qodef-elementor-content-no\" data-id=\"01834b1\" data-element_type=\"section\" data-settings=\"{&quot;stretch_section&quot;:&quot;section-stretched&quot;,&quot;background_background&quot;:&quot;classic&quot;}\">\n\t\t\t\t\t\t<div class=\"elementor-container elementor-column-gap-default\">\n\t\t\t\t\t<div class=\"elementor-column elementor-col-100 elementor-top-column elementor-element elementor-element-d2872fe\" data-id=\"d2872fe\" data-element_type=\"column\">\n\t\t\t<div class=\"elementor-widget-wrap elementor-element-populated\">\n\t\t\t\t\t\t\t\t<div class=\"elementor-element elementor-element-c6f3d62 elementor-widget elementor-widget-text-editor\" data-id=\"c6f3d62\" data-element_type=\"widget\" data-widget_type=\"text-editor.default\">\n\t\t\t\t<div class=\"elementor-widget-container\">\n\t\t\t\t\t\t\t<p>Explore nuestra gama de placas de bamb\u00fa para techos, duraderas y de bajo mantenimiento, y encuentre la opci\u00f3n perfecta para sus espacios exteriores.<\/p>\n\t\t\t\t\t\t<\/div>\n\t\t\t\t<\/div>\n\t\t\t\t<div class=\"elementor-element elementor-element-ffab07d elementor-widget elementor-widget-brok_core_button\" data-id=\"ffab07d\" data-element_type=\"widget\" data-widget_type=\"brok_core_button.default\">\n\t\t\t\t<div class=\"elementor-widget-container\">\n\t\t\t<a class=\"qodef-shortcode qodef-m  qodef-button qodef-layout--filled qodef-size--small qodef-html--link\" href=\"https:\/\/dassobamboo.eu\/applications\/ceiling\/\" target=\"_self\"  style=\"color: #FFFFFF;background-color: #626262;font-size: 11px;font-weight: 400;text-transform: none\">\n\t<span class=\"qodef-bg-effect\" style=\"background-color: #626262\"><\/span>\n\t<span class=\"qodef-m-text\">\n\t\t<svg xmlns=\"http:\/\/www.w3.org\/2000\/svg\" xmlns:xlink=\"http:\/\/www.w3.org\/1999\/xlink\" x=\"0px\" y=\"0px\" width=\"12px\" height=\"12px\" viewBox=\"0 0 12 12\" style=\"enable-background:new 0 0 12 12;\" xml:space=\"preserve\"><g><rect y=\"5\" width=\"12\" height=\"2\"\/><rect y=\"5\" transform=\"matrix(6.123234e-17 -1 1 6.123234e-17 0 12)\" width=\"12\" height=\"2\"\/><\/g><\/svg>\n\t\tExplore\t<\/span>\n<\/a>\n\t\t<\/div>\n\t\t\t\t<\/div>\n\t\t\t\t\t<\/div>\n\t\t<\/div>\n\t\t\t\t\t\t\t<\/div>\n\t\t<\/section>\n\t\t\t\t<section class=\"elementor-section elementor-top-section elementor-element elementor-element-b42785f elementor-section-full_width elementor-section-stretched elementor-hidden-desktop elementor-hidden-tablet elementor-hidden-mobile elementor-section-height-default elementor-section-height-default qodef-elementor-content-no\" data-id=\"b42785f\" data-element_type=\"section\" data-settings=\"{&quot;stretch_section&quot;:&quot;section-stretched&quot;,&quot;background_background&quot;:&quot;classic&quot;}\">\n\t\t\t\t\t\t<div class=\"elementor-container elementor-column-gap-default\">\n\t\t\t\t\t<div class=\"elementor-column elementor-col-100 elementor-top-column elementor-element elementor-element-585190b\" data-id=\"585190b\" data-element_type=\"column\">\n\t\t\t<div class=\"elementor-widget-wrap elementor-element-populated\">\n\t\t\t\t\t\t\t\t<div class=\"elementor-element elementor-element-5987bb6 elementor-widget elementor-widget-text-editor\" data-id=\"5987bb6\" data-element_type=\"widget\" data-widget_type=\"text-editor.default\">\n\t\t\t\t<div class=\"elementor-widget-container\">\n\t\t\t\t\t\t\t<p>Realce sin esfuerzo la est\u00e9tica de sus proyectos de exterior con la belleza natural de nuestras vigas de bamb\u00fa, personalizadas seg\u00fan sus necesidades.<\/p>\n\t\t\t\t\t\t<\/div>\n\t\t\t\t<\/div>\n\t\t\t\t<div class=\"elementor-element elementor-element-da77c1b elementor-widget elementor-widget-brok_core_button\" data-id=\"da77c1b\" data-element_type=\"widget\" data-widget_type=\"brok_core_button.default\">\n\t\t\t\t<div class=\"elementor-widget-container\">\n\t\t\t<a class=\"qodef-shortcode qodef-m  qodef-button qodef-layout--filled qodef-size--small qodef-html--link\" href=\"https:\/\/dassobamboo.eu\/applications\/beams\/\" target=\"_self\"  style=\"color: #FFFFFF;background-color: #8F8F8F;font-size: 11px;font-weight: 400;text-transform: none\">\n\t<span class=\"qodef-bg-effect\" style=\"background-color: #8F8F8F\"><\/span>\n\t<span class=\"qodef-m-text\">\n\t\t<svg xmlns=\"http:\/\/www.w3.org\/2000\/svg\" xmlns:xlink=\"http:\/\/www.w3.org\/1999\/xlink\" x=\"0px\" y=\"0px\" width=\"12px\" height=\"12px\" viewBox=\"0 0 12 12\" style=\"enable-background:new 0 0 12 12;\" xml:space=\"preserve\"><g><rect y=\"5\" width=\"12\" height=\"2\"\/><rect y=\"5\" transform=\"matrix(6.123234e-17 -1 1 6.123234e-17 0 12)\" width=\"12\" height=\"2\"\/><\/g><\/svg>\n\t\tExplore\t<\/span>\n<\/a>\n\t\t<\/div>\n\t\t\t\t<\/div>\n\t\t\t\t\t<\/div>\n\t\t<\/div>\n\t\t\t\t\t\t\t<\/div>\n\t\t<\/section>\n\t\t\t\t<section class=\"elementor-section elementor-top-section elementor-element elementor-element-e9c36e2 elementor-section-full_width elementor-section-stretched elementor-hidden-desktop elementor-hidden-tablet elementor-section-height-default elementor-section-height-default qodef-elementor-content-no\" data-id=\"e9c36e2\" data-element_type=\"section\" data-settings=\"{&quot;stretch_section&quot;:&quot;section-stretched&quot;}\">\n\t\t\t\t\t\t<div class=\"elementor-container elementor-column-gap-default\">\n\t\t\t\t\t<div class=\"elementor-column elementor-col-100 elementor-top-column elementor-element elementor-element-f08df96\" data-id=\"f08df96\" data-element_type=\"column\">\n\t\t\t<div class=\"elementor-widget-wrap elementor-element-populated\">\n\t\t\t\t\t\t\t\t<div class=\"elementor-element elementor-element-bc71ef0 elementor-widget elementor-widget-image\" data-id=\"bc71ef0\" data-element_type=\"widget\" data-widget_type=\"image.default\">\n\t\t\t\t<div class=\"elementor-widget-container\">\n\t\t\t<style>\/*! elementor - v3.12.2 - 23-04-2023 *\/\n.elementor-widget-image{text-align:center}.elementor-widget-image a{display:inline-block}.elementor-widget-image a img[src$=\".svg\"]{width:48px}.elementor-widget-image img{vertical-align:middle;display:inline-block}<\/style>\t\t\t\t\t\t\t\t\t\t\t\t\t<a href=\"https:\/\/dassobamboo.eu\/applications\/decking\/\">\n\t\t\t\t\t\t\t<img fetchpriority=\"high\" decoding=\"async\" width=\"1024\" height=\"397\" src=\"https:\/\/dassobamboo.eu\/wp-content\/uploads\/2023\/03\/decking-button-1024x397.jpg\" class=\"attachment-large size-large wp-image-7760\" alt=\"\" srcset=\"https:\/\/dassobamboo.eu\/wp-content\/uploads\/2023\/03\/decking-button-1024x397.jpg 1024w, https:\/\/dassobamboo.eu\/wp-content\/uploads\/2023\/03\/decking-button-600x233.jpg 600w, https:\/\/dassobamboo.eu\/wp-content\/uploads\/2023\/03\/decking-button-300x116.jpg 300w, https:\/\/dassobamboo.eu\/wp-content\/uploads\/2023\/03\/decking-button-768x298.jpg 768w, https:\/\/dassobamboo.eu\/wp-content\/uploads\/2023\/03\/decking-button.jpg 1080w\" sizes=\"(max-width: 1024px) 100vw, 1024px\" loading=\"eager\" \/>\t\t\t\t\t\t\t\t<\/a>\n\t\t\t\t\t\t\t\t\t\t\t\t\t\t\t<\/div>\n\t\t\t\t<\/div>\n\t\t\t\t<div class=\"elementor-element elementor-element-bdcb543 elementor-widget elementor-widget-image\" data-id=\"bdcb543\" data-element_type=\"widget\" data-widget_type=\"image.default\">\n\t\t\t\t<div class=\"elementor-widget-container\">\n\t\t\t\t\t\t\t\t\t\t\t\t\t\t\t\t<a href=\"https:\/\/dassobamboo.eu\/applications\/cladding\/\">\n\t\t\t\t\t\t\t<img decoding=\"async\" width=\"1024\" height=\"401\" src=\"https:\/\/dassobamboo.eu\/wp-content\/uploads\/2023\/03\/cladding-button-1024x401.jpg\" class=\"attachment-large size-large wp-image-7751\" alt=\"\" srcset=\"https:\/\/dassobamboo.eu\/wp-content\/uploads\/2023\/03\/cladding-button-1024x401.jpg 1024w, https:\/\/dassobamboo.eu\/wp-content\/uploads\/2023\/03\/cladding-button-600x235.jpg 600w, https:\/\/dassobamboo.eu\/wp-content\/uploads\/2023\/03\/cladding-button-300x118.jpg 300w, https:\/\/dassobamboo.eu\/wp-content\/uploads\/2023\/03\/cladding-button-768x301.jpg 768w, https:\/\/dassobamboo.eu\/wp-content\/uploads\/2023\/03\/cladding-button.jpg 1080w\" sizes=\"(max-width: 1024px) 100vw, 1024px\" loading=\"eager\" \/>\t\t\t\t\t\t\t\t<\/a>\n\t\t\t\t\t\t\t\t\t\t\t\t\t\t\t<\/div>\n\t\t\t\t<\/div>\n\t\t\t\t<div class=\"elementor-element elementor-element-3312ad6 elementor-widget elementor-widget-image\" data-id=\"3312ad6\" data-element_type=\"widget\" data-widget_type=\"image.default\">\n\t\t\t\t<div class=\"elementor-widget-container\">\n\t\t\t\t\t\t\t\t\t\t\t\t\t\t\t\t<a href=\"https:\/\/dassobamboo.eu\/applications\/ceiling\/\">\n\t\t\t\t\t\t\t<img decoding=\"async\" width=\"1024\" height=\"399\" src=\"https:\/\/dassobamboo.eu\/wp-content\/uploads\/2023\/03\/ceiling-button--1024x399.jpg\" class=\"attachment-large size-large wp-image-7744\" alt=\"\" srcset=\"https:\/\/dassobamboo.eu\/wp-content\/uploads\/2023\/03\/ceiling-button--1024x399.jpg 1024w, https:\/\/dassobamboo.eu\/wp-content\/uploads\/2023\/03\/ceiling-button--600x234.jpg 600w, https:\/\/dassobamboo.eu\/wp-content\/uploads\/2023\/03\/ceiling-button--300x117.jpg 300w, https:\/\/dassobamboo.eu\/wp-content\/uploads\/2023\/03\/ceiling-button--768x299.jpg 768w, https:\/\/dassobamboo.eu\/wp-content\/uploads\/2023\/03\/ceiling-button-.jpg 1080w\" sizes=\"(max-width: 1024px) 100vw, 1024px\" loading=\"eager\" \/>\t\t\t\t\t\t\t\t<\/a>\n\t\t\t\t\t\t\t\t\t\t\t\t\t\t\t<\/div>\n\t\t\t\t<\/div>\n\t\t\t\t<div class=\"elementor-element elementor-element-a3afd7f elementor-widget elementor-widget-image\" data-id=\"a3afd7f\" data-element_type=\"widget\" data-widget_type=\"image.default\">\n\t\t\t\t<div class=\"elementor-widget-container\">\n\t\t\t\t\t\t\t\t\t\t\t\t\t\t\t\t<a href=\"https:\/\/dassobamboo.eu\/applications\/beams\/\">\n\t\t\t\t\t\t\t<img decoding=\"async\" width=\"1024\" height=\"399\" src=\"https:\/\/dassobamboo.eu\/wp-content\/uploads\/2023\/03\/beans-button-1024x399.jpg\" class=\"attachment-large size-large wp-image-7722\" alt=\"\" srcset=\"https:\/\/dassobamboo.eu\/wp-content\/uploads\/2023\/03\/beans-button-1024x399.jpg 1024w, https:\/\/dassobamboo.eu\/wp-content\/uploads\/2023\/03\/beans-button-600x234.jpg 600w, https:\/\/dassobamboo.eu\/wp-content\/uploads\/2023\/03\/beans-button-300x117.jpg 300w, https:\/\/dassobamboo.eu\/wp-content\/uploads\/2023\/03\/beans-button-768x299.jpg 768w, https:\/\/dassobamboo.eu\/wp-content\/uploads\/2023\/03\/beans-button.jpg 1080w\" sizes=\"(max-width: 1024px) 100vw, 1024px\" loading=\"eager\" \/>\t\t\t\t\t\t\t\t<\/a>\n\t\t\t\t\t\t\t\t\t\t\t\t\t\t\t<\/div>\n\t\t\t\t<\/div>\n\t\t\t\t\t<\/div>\n\t\t<\/div>\n\t\t\t\t\t\t\t<\/div>\n\t\t<\/section>\n\t\t\t\t\t\t\t<\/div>\n\t\t","protected":false},"excerpt":{"rendered":"<p>Dale un toque sofisticado a tus exteriores con nuestra selecci\u00f3n de elegantes y duraderas tablas para terrazas, disponibles en una variedad de colores Explora Mejora el aspecto y la sensaci\u00f3n de tu fachada con nuestra gama de lamas de revestimiento de bamb\u00fa de alta calidad Explora Explora nuestra gama de lamas de revestimiento de techo [&hellip;]<\/p>\n","protected":false},"author":1,"featured_media":0,"parent":0,"menu_order":0,"comment_status":"closed","ping_status":"closed","template":"","meta":{"footnotes":""},"class_list":["post-13996","page","type-page","status-publish","hentry"],"_links":{"self":[{"href":"https:\/\/dassobamboo.eu\/es\/wp-json\/wp\/v2\/pages\/13996","targetHints":{"allow":["GET"]}}],"collection":[{"href":"https:\/\/dassobamboo.eu\/es\/wp-json\/wp\/v2\/pages"}],"about":[{"href":"https:\/\/dassobamboo.eu\/es\/wp-json\/wp\/v2\/types\/page"}],"author":[{"embeddable":true,"href":"https:\/\/dassobamboo.eu\/es\/wp-json\/wp\/v2\/users\/1"}],"replies":[{"embeddable":true,"href":"https:\/\/dassobamboo.eu\/es\/wp-json\/wp\/v2\/comments?post=13996"}],"version-history":[{"count":9,"href":"https:\/\/dassobamboo.eu\/es\/wp-json\/wp\/v2\/pages\/13996\/revisions"}],"predecessor-version":[{"id":14653,"href":"https:\/\/dassobamboo.eu\/es\/wp-json\/wp\/v2\/pages\/13996\/revisions\/14653"}],"wp:attachment":[{"href":"https:\/\/dassobamboo.eu\/es\/wp-json\/wp\/v2\/media?parent=13996"}],"curies":[{"name":"wp","href":"https:\/\/api.w.org\/{rel}","templated":true}]}}